{"id":13821,"date":"2017-03-30T07:03:58","date_gmt":"2017-03-30T07:03:58","guid":{"rendered":"http:\/\/goodwish.edge-themes.com\/?page_id=13821"},"modified":"2025-04-28T16:17:24","modified_gmt":"2025-04-28T21:17:24","slug":"quienes-somos","status":"publish","type":"page","link":"https:\/\/obrasdefe.org\/en\/quienes-somos\/","title":{"rendered":"About us"},"content":{"rendered":"[et_pb_section fb_built=\u00bb1&#8243; admin_label=\u00bbsection\u00bb _builder_version=\u00bb4.16&#8243; global_colors_info=\u00bb{}\u00bb][et_pb_row admin_label=\u00bbrow\u00bb _builder_version=\u00bb4.16&#8243; background_size=\u00bbinitial\u00bb background_position=\u00bbtop_left\u00bb background_repeat=\u00bbrepeat\u00bb global_colors_info=\u00bb{}\u00bb][et_pb_column type=\u00bb4_4&#8243; _builder_version=\u00bb4.16&#8243; custom_padding=\u00bb|||\u00bb global_colors_info=\u00bb{}\u00bb custom_padding__hover=\u00bb|||\u00bb][et_pb_text admin_label=\u00bbText\u00bb _builder_version=\u00bb4.16&#8243; background_size=\u00bbinitial\u00bb background_position=\u00bbtop_left\u00bb background_repeat=\u00bbrepeat\u00bb global_colors_info=\u00bb{}\u00bb]<p><\/p>\n<p>&nbsp;<\/p>\n<p><img loading=\"lazy\" decoding=\"async\" class=\"wp-image-30365 aligncenter\" src=\"https:\/\/obrasdefe.org\/wp-content\/uploads\/2019\/09\/cropped-logo.png\" alt=\"\" width=\"333\" height=\"333\" \/><\/p>\n<p>The Obras de Fe Foundation is located in the city of Cartagena de Indias, Colombia. This was born with the purpose of carrying out actions that help improve the quality of life of children, youth and families in the most vulnerable neighborhoods of Cartagena.<\/p>\n<p><\/p>\n<p><\/p>\n<p>Tyson and Farah Widegren, its founders, with experience in charitable missions around the world, firmly believe that with comprehensive and spiritual education, people can have better living conditions.<\/p>\n<p><\/p>\n<p><\/p>\n<figure class=\"wp-block-image aligncenter is-resized wp-image-17416\"><img loading=\"lazy\" decoding=\"async\" class=\"wp-image-30417  aligncenter\" src=\"https:\/\/obrasdefe.org\/wp-content\/uploads\/2022\/08\/farah-tyson-widegren.jpeg\" alt=\"\" width=\"431\" height=\"539\" \/>\n<p>&nbsp;<\/p>\n<p>&nbsp;<\/p>\n<p>&nbsp;<\/p>\n<p>&nbsp;<\/p>\n<p>&nbsp;<\/p>\n<p>&nbsp;<\/p>\n<p>&nbsp;<\/p>\n<figcaption>Tyson and Farah Widegren<\/figcaption>\n<\/figure>\n<p><\/p>\n<p><\/p>\n<h2 class=\"wp-block-heading\">\u00a0<\/h2>\n<p><\/p>\n<p><\/p>\n<h2 class=\"wp-block-heading\">Mission<\/h2>\n<p><\/p>\n<p><\/p>\n<p>The Obras de Fe Foundation is a non-profit organization that promotes and develops programs focused on education, continuous learning and spiritual enrichment in children, youth and people with limited resources, and thus provide them with tools for a better quality of life.<\/p>\n<p><\/p>\n<p><\/p>\n<div class=\"wp-block-spacer\" style=\"height: 100px;\" aria-hidden=\"true\">\u00a0<\/div>\n<p><\/p>\n<p><\/p>\n<h2 class=\"wp-block-heading\">Vision<\/h2>\n<p><\/p>\n<p><\/p>\n<p>By 2024, the Obras de Fe Foundation will be an organization recognized for the impact of socio-economic and spiritual work on the well-being and development of children, youth and families with limited resources. Also, for our honesty and professionalism.<\/p>\n<p><\/p>\n<p><\/p>\n<div class=\"wp-block-spacer\" style=\"height: 100px;\" aria-hidden=\"true\">\u00a0<\/div>\n<div class=\"wp-block-spacer\" style=\"height: 100px;\" aria-hidden=\"true\">\n<h2>Objetivos Principales<\/h2>\n<p>\u00a0<span style=\"font-size: 14px;\">\u00a0<\/span><\/p>\n<p>Ganar almas para el reino del Se\u00f1or a trav\u00e9s de las diferentes actividades, <span style=\"font-size: 14px;\">desarrollar el crecimiento espiritual de los congregantes y capacitar a los miembros con temas pr\u00e1cticos, llev\u00e1ndolos a un nivel muy superior de conocimiento para as\u00ed llevar a Dios siempre en sus corazones.<\/span><\/p>\n<p><\/p>\n<\/div>\n<p><\/p>\n<p>&nbsp;<\/p>\n<p>&nbsp;<\/p>\n<p>&nbsp;<\/p>\n<p>&nbsp;<\/p>\n<p>&nbsp;<\/p>\n<p>&nbsp;<\/p>\n<p>&nbsp;<\/p>\n<h2 class=\"wp-block-heading\">Values<\/h2>\n<p><\/p>\n<p><\/p>\n<p class=\"has-text-align-left\"><span style=\"color: #c3ea21;\"><b><i>Solidarity<\/i><\/b><\/span><\/p>\n<p class=\"has-text-align-left\">We act committed to children, youth and families with limited resources in fulfilling our vision and mission through our projects in an equitable and complete manner.<\/p>\n<p><\/p>\n<p><\/p>\n<p>&nbsp;<\/p>\n<p><\/p>\n<p class=\"has-text-align-left\"><strong><i class=\"edgtf-icon-font-awesome fa fa-check\" style=\"color: #c3ea21;\"> Excellence<\/i><\/strong><\/p>\n<p><\/p>\n<p><\/p>\n<p><\/p>\n<p>We seek and ensure the continuous work of our objectives and seek the transparent realization of our actions through spiritual faith and social honor.<\/p>\n<p><\/p>\n<p><\/p>\n<p>&nbsp;<\/p>\n<p><\/p>\n<p><\/p>\n<p><strong><i class=\"edgtf-icon-font-awesome fa fa-check\" style=\"color: #c3ea21;\">Participation<\/i><\/strong><\/p>\n<p><\/p>\n<p><\/p>\n<p><\/p>\n<p>We implement democratic and spiritual principles as substitute means for social formation and as a necessary end to development.<\/p>\n<p><\/p>\n<p><\/p>\n<p>&nbsp;<\/p>\n<p><\/p>\n<p><\/p>\n<p class=\"has-text-align-left\"><strong><i class=\"edgtf-icon-font-awesome fa fa-check\" style=\"color: #c3ea21;\">Transparency<\/i><\/strong><\/p>\n<p><\/p>\n<p><\/p>\n<p><\/p>\n<p>We seek our work based on its honesty and integrity in order to clearly expose accountability to our partners, volunteers, donors and the community.<\/p>\n<p><\/p>\n<p><\/p>\n<p>&nbsp;<\/p>\n<p><\/p>\n<p><\/p>\n<p class=\"has-text-align-left\"><strong><i class=\"edgtf-icon-font-awesome fa fa-check\" style=\"color: #c3ea21;\">Unity<\/i><\/strong><\/p>\n<p><\/p>\n<p><\/p>\n<p><\/p>\n<p>We seek to maintain a team work together with the members of the foundation as well as with other entities and organizations for the execution of our work.<\/p>\n<p><\/p>\n<p><\/p>\n<div class=\"wp-block-spacer\" style=\"height: 160px;\" aria-hidden=\"true\">\u00a0<\/div>\n<p><\/p>[\/et_pb_text][\/et_pb_column][\/et_pb_row][\/et_pb_section]","protected":false},"excerpt":{"rendered":"<p>&nbsp; La Fundaci\u00f3n Obras de Fe est\u00e1 ubicada en la ciudad de Cartagena de Indias, Colombia. Esta nace con el prop\u00f3sito de llevar acciones que ayuden a mejorar la calidad de vida de los ni\u00f1os, j\u00f3venes y familias de los barrios m\u00e1s vulnerables de Cartagena. Tyson y Farah Widegren, sus fundadores, con la experiencia en [&hellip;]<\/p>","protected":false},"author":1,"featured_media":0,"parent":0,"menu_order":0,"comment_status":"closed","ping_status":"closed","template":"","meta":{"_et_pb_use_builder":"on","_et_pb_old_content":"<!-- wp:paragraph -->\r\n<p><img class=\"wp-image-30365 aligncenter\" src=\"https:\/\/obrasdefe.org\/wp-content\/uploads\/2019\/09\/cropped-logo.png\" alt=\"\" width=\"333\" height=\"333\" \/><\/p>\r\n<p>La Fundaci\u00f3n Obras de Fe est\u00e1 ubicada en la ciudad de Cartagena de Indias, Colombia. Esta nace con el prop\u00f3sito de llevar acciones que ayuden a mejorar la calidad de vida de los ni\u00f1os, j\u00f3venes y familias de los barrios m\u00e1s vulnerables de Cartagena.<\/p>\r\n<!-- \/wp:paragraph -->\r\n\r\n<!-- wp:paragraph -->\r\n<p>Tyson y Farah Widegren, sus fundadores, con la experiencia en misiones ben\u00e9ficas alrededor del mundo, creen firmemente que con educaci\u00f3n integral y espiritual, las personas pueden tener mejores condiciones de vida.<\/p>\r\n<!-- \/wp:paragraph -->\r\n\r\n<!-- wp:image {\"align\":\"center\",\"id\":17416,\"width\":542,\"height\":407,\"className\":\"wp-image-17416\"} -->\r\n<figure class=\"wp-block-image aligncenter is-resized wp-image-17416\"><img class=\"wp-image-30417  aligncenter\" src=\"https:\/\/obrasdefe.org\/wp-content\/uploads\/2022\/08\/farah-tyson-widegren.jpeg\" alt=\"\" width=\"431\" height=\"539\" \/>\r\n<figcaption>Tyson y Farah Widegren<\/figcaption>\r\n<\/figure>\r\n<!-- \/wp:image -->\r\n\r\n<!-- wp:heading -->\r\n<h2>\u00a0<\/h2>\r\n<!-- \/wp:heading -->\r\n\r\n<!-- wp:heading -->\r\n<h2>Misi\u00f3n<\/h2>\r\n<!-- \/wp:heading -->\r\n\r\n<!-- wp:paragraph -->\r\n<p>La fundaci\u00f3n Obras de Fe es una organizaci\u00f3n sin \u00e1nimo de lucro la cual promueve y desarrolla programas enfocados a la educaci\u00f3n, aprendizaje continuo y enriquecimiento espiritual en ni\u00f1os, j\u00f3venes y familias de escasos recursos, y as\u00ed proporcionarles herramientas para una mejor calidad de vida.<\/p>\r\n<!-- \/wp:paragraph -->\r\n\r\n<!-- wp:spacer -->\r\n<div class=\"wp-block-spacer\" style=\"height: 100px;\" aria-hidden=\"true\">\u00a0<\/div>\r\n<!-- \/wp:spacer -->\r\n\r\n<!-- wp:heading -->\r\n<h2>Visi\u00f3n<\/h2>\r\n<!-- \/wp:heading -->\r\n\r\n<!-- wp:paragraph -->\r\n<p>Para el a\u00f1o 2024 la fundaci\u00f3n Obras de Fe ser\u00e1 una organizaci\u00f3n reconocida por el impacto del trabajo socioecon\u00f3mico y espiritual en el bienestar y desarrollo de los ni\u00f1os, j\u00f3venes y familias de escasos recursos. Adem\u00e1s, por nuestra honestidad y profesionalismo.<\/p>\r\n<!-- \/wp:paragraph -->\r\n\r\n<!-- wp:spacer -->\r\n<div class=\"wp-block-spacer\" style=\"height: 100px;\" aria-hidden=\"true\">\u00a0<\/div>\r\n<!-- \/wp:spacer -->\r\n\r\n<!-- wp:heading -->\r\n<h2>Valores<\/h2>\r\n<!-- \/wp:heading -->\r\n\r\n<!-- wp:paragraph {\"align\":\"left\"} -->\r\n<p class=\"has-text-align-left\"><span style=\"color: #c3ea21;\"><b><i>Solidaridad<\/i><\/b><\/span><\/p>\r\n<p class=\"has-text-align-left\">Actuamos comprometidos con los ni\u00f1os, j\u00f3venes y familias de escasos recursos en el cumplimiento de nuestra visi\u00f3n y misi\u00f3n a trav\u00e9s de nuestros proyectos de una forma equitativa e \u00edntegra.<\/p>\r\n<!-- \/wp:paragraph -->\r\n\r\n<!-- wp:paragraph --><!-- \/wp:paragraph -->\r\n<p>&nbsp;<\/p>\r\n<!-- wp:paragraph {\"align\":\"left\"} -->\r\n<p class=\"has-text-align-left\"><strong><i class=\"edgtf-icon-font-awesome fa fa-check\" style=\"color: #c3ea21;\"> Excelencia<\/i><\/strong><\/p>\r\n<!-- \/wp:paragraph -->\r\n\r\n<!-- wp:paragraph --><!-- \/wp:paragraph -->\r\n\r\n<!-- wp:paragraph -->\r\n<p>Procuramos y aseguramos la continua labor de nuestros objetivos y buscamos la transparente realizaci\u00f3n de nuestras acciones a trav\u00e9s de la fe espiritual y honor social.<\/p>\r\n<!-- \/wp:paragraph -->\r\n\r\n<!-- wp:paragraph -->\r\n<p>&nbsp;<\/p>\r\n<!-- \/wp:paragraph -->\r\n\r\n<!-- wp:paragraph -->\r\n<p><strong><i class=\"edgtf-icon-font-awesome fa fa-check\" style=\"color: #c3ea21;\">Participaci\u00f3n<\/i><\/strong><\/p>\r\n<!-- \/wp:paragraph -->\r\n\r\n<!-- wp:paragraph --><!-- \/wp:paragraph -->\r\n\r\n<!-- wp:paragraph -->\r\n<p>Implantamos los principios democr\u00e1ticos y espirituales como medios sust\u00e9ntales para la formaci\u00f3n social y como fin necesario al desarrollo.<\/p>\r\n<!-- \/wp:paragraph -->\r\n\r\n<!-- wp:paragraph -->\r\n<p>&nbsp;<\/p>\r\n<!-- \/wp:paragraph -->\r\n\r\n<!-- wp:paragraph {\"align\":\"left\"} -->\r\n<p class=\"has-text-align-left\"><strong><i class=\"edgtf-icon-font-awesome fa fa-check\" style=\"color: #c3ea21;\">Transparencia<\/i><\/strong><\/p>\r\n<!-- \/wp:paragraph -->\r\n\r\n<!-- wp:paragraph --><!-- \/wp:paragraph -->\r\n\r\n<!-- wp:paragraph -->\r\n<p>Procuramos nuestra labor en base a la honestidad e integridad de la misma para as\u00ed exponer con claridad rendici\u00f3n de cuentas ante nuestros socios, voluntarios, donantes y la comunidad.<\/p>\r\n<!-- \/wp:paragraph -->\r\n\r\n<!-- wp:paragraph -->\r\n<p>&nbsp;<\/p>\r\n<!-- \/wp:paragraph -->\r\n\r\n<!-- wp:paragraph {\"align\":\"left\"} -->\r\n<p class=\"has-text-align-left\"><strong><i class=\"edgtf-icon-font-awesome fa fa-check\" style=\"color: #c3ea21;\">Unidad<\/i><\/strong><\/p>\r\n<!-- \/wp:paragraph -->\r\n\r\n<!-- wp:paragraph --><!-- \/wp:paragraph -->\r\n\r\n<!-- wp:paragraph -->\r\n<p>Buscamos mantener un trabajo en equipo junto con los miembros de la fundaci\u00f3n al igual que con otras entidades y organizaciones para la ejecuci\u00f3n de nuestra labor.<\/p>\r\n<!-- \/wp:paragraph -->\r\n\r\n<!-- wp:spacer {\"height\":\"160px\"} -->\r\n<div class=\"wp-block-spacer\" style=\"height: 160px;\" aria-hidden=\"true\">\u00a0<\/div>\r\n<!-- \/wp:spacer -->","_et_gb_content_width":"1080","footnotes":""},"class_list":["post-13821","page","type-page","status-publish","hentry"],"yoast_head":"<!-- This site is optimized with the Yoast SEO plugin v26.0 - https:\/\/yoast.com\/wordpress\/plugins\/seo\/ -->\n<title>Qui\u00e9nes somos - Fundaci\u00f3n Obras de Fe - Cartagena de Indias<\/title>\n<meta name=\"robots\" content=\"index, follow, max-snippet:-1, max-image-preview:large, max-video-preview:-1\" \/>\n<link rel=\"canonical\" href=\"https:\/\/obrasdefe.org\/en\/quienes-somos\/\" \/>\n<meta property=\"og:locale\" content=\"en_US\" \/>\n<meta property=\"og:type\" content=\"article\" \/>\n<meta property=\"og:title\" content=\"Qui\u00e9nes somos - Fundaci\u00f3n Obras de Fe - Cartagena de Indias\" \/>\n<meta property=\"og:description\" content=\"&nbsp; La Fundaci\u00f3n Obras de Fe est\u00e1 ubicada en la ciudad de Cartagena de Indias, Colombia. Esta nace con el prop\u00f3sito de llevar acciones que ayuden a mejorar la calidad de vida de los ni\u00f1os, j\u00f3venes y familias de los barrios m\u00e1s vulnerables de Cartagena. Tyson y Farah Widegren, sus fundadores, con la experiencia en [&hellip;]\" \/>\n<meta property=\"og:url\" content=\"https:\/\/obrasdefe.org\/en\/quienes-somos\/\" \/>\n<meta property=\"og:site_name\" content=\"Fundaci\u00f3n Obras de Fe - Cartagena de Indias\" \/>\n<meta property=\"article:modified_time\" content=\"2025-04-28T21:17:24+00:00\" \/>\n<meta property=\"og:image\" content=\"https:\/\/obrasdefe.org\/wp-content\/uploads\/2019\/09\/cropped-logo.png\" \/>\n<meta name=\"twitter:card\" content=\"summary_large_image\" \/>\n<meta name=\"twitter:label1\" content=\"Est. reading time\" \/>\n\t<meta name=\"twitter:data1\" content=\"2 minutes\" \/>\n<script type=\"application\/ld+json\" class=\"yoast-schema-graph\">{\"@context\":\"https:\/\/schema.org\",\"@graph\":[{\"@type\":\"WebPage\",\"@id\":\"https:\/\/obrasdefe.org\/quienes-somos\/\",\"url\":\"https:\/\/obrasdefe.org\/quienes-somos\/\",\"name\":\"Qui\u00e9nes somos - Fundaci\u00f3n Obras de Fe - Cartagena de Indias\",\"isPartOf\":{\"@id\":\"https:\/\/obrasdefe.org\/#website\"},\"primaryImageOfPage\":{\"@id\":\"https:\/\/obrasdefe.org\/quienes-somos\/#primaryimage\"},\"image\":{\"@id\":\"https:\/\/obrasdefe.org\/quienes-somos\/#primaryimage\"},\"thumbnailUrl\":\"https:\/\/obrasdefe.org\/wp-content\/uploads\/2019\/09\/cropped-logo.png\",\"datePublished\":\"2017-03-30T07:03:58+00:00\",\"dateModified\":\"2025-04-28T21:17:24+00:00\",\"breadcrumb\":{\"@id\":\"https:\/\/obrasdefe.org\/quienes-somos\/#breadcrumb\"},\"inLanguage\":\"en-US\",\"potentialAction\":[{\"@type\":\"ReadAction\",\"target\":[\"https:\/\/obrasdefe.org\/quienes-somos\/\"]}]},{\"@type\":\"ImageObject\",\"inLanguage\":\"en-US\",\"@id\":\"https:\/\/obrasdefe.org\/quienes-somos\/#primaryimage\",\"url\":\"https:\/\/obrasdefe.org\/wp-content\/uploads\/2019\/09\/cropped-logo.png\",\"contentUrl\":\"https:\/\/obrasdefe.org\/wp-content\/uploads\/2019\/09\/cropped-logo.png\"},{\"@type\":\"BreadcrumbList\",\"@id\":\"https:\/\/obrasdefe.org\/quienes-somos\/#breadcrumb\",\"itemListElement\":[{\"@type\":\"ListItem\",\"position\":1,\"name\":\"Portada\",\"item\":\"https:\/\/obrasdefe.org\/\"},{\"@type\":\"ListItem\",\"position\":2,\"name\":\"Qui\u00e9nes somos\"}]},{\"@type\":\"WebSite\",\"@id\":\"https:\/\/obrasdefe.org\/#website\",\"url\":\"https:\/\/obrasdefe.org\/\",\"name\":\"Fundaci\u00f3n Obras de Fe - Cartagena de Indias\",\"description\":\"Fundaci\u00f3n Obras de Fe de la ciudad de Cartagena de Indias, Colombia\",\"potentialAction\":[{\"@type\":\"SearchAction\",\"target\":{\"@type\":\"EntryPoint\",\"urlTemplate\":\"https:\/\/obrasdefe.org\/?s={search_term_string}\"},\"query-input\":{\"@type\":\"PropertyValueSpecification\",\"valueRequired\":true,\"valueName\":\"search_term_string\"}}],\"inLanguage\":\"en-US\"}]}<\/script>\n<!-- \/ Yoast SEO plugin. -->","yoast_head_json":{"title":"Qui\u00e9nes somos - Fundaci\u00f3n Obras de Fe - Cartagena de Indias","robots":{"index":"index","follow":"follow","max-snippet":"max-snippet:-1","max-image-preview":"max-image-preview:large","max-video-preview":"max-video-preview:-1"},"canonical":"https:\/\/obrasdefe.org\/en\/quienes-somos\/","og_locale":"en_US","og_type":"article","og_title":"Qui\u00e9nes somos - Fundaci\u00f3n Obras de Fe - Cartagena de Indias","og_description":"&nbsp; La Fundaci\u00f3n Obras de Fe est\u00e1 ubicada en la ciudad de Cartagena de Indias, Colombia. Esta nace con el prop\u00f3sito de llevar acciones que ayuden a mejorar la calidad de vida de los ni\u00f1os, j\u00f3venes y familias de los barrios m\u00e1s vulnerables de Cartagena. Tyson y Farah Widegren, sus fundadores, con la experiencia en [&hellip;]","og_url":"https:\/\/obrasdefe.org\/en\/quienes-somos\/","og_site_name":"Fundaci\u00f3n Obras de Fe - Cartagena de Indias","article_modified_time":"2025-04-28T21:17:24+00:00","og_image":[{"url":"https:\/\/obrasdefe.org\/wp-content\/uploads\/2019\/09\/cropped-logo.png","type":"","width":"","height":""}],"twitter_card":"summary_large_image","twitter_misc":{"Est. reading time":"2 minutes"},"schema":{"@context":"https:\/\/schema.org","@graph":[{"@type":"WebPage","@id":"https:\/\/obrasdefe.org\/quienes-somos\/","url":"https:\/\/obrasdefe.org\/quienes-somos\/","name":"Qui\u00e9nes somos - Fundaci\u00f3n Obras de Fe - Cartagena de Indias","isPartOf":{"@id":"https:\/\/obrasdefe.org\/#website"},"primaryImageOfPage":{"@id":"https:\/\/obrasdefe.org\/quienes-somos\/#primaryimage"},"image":{"@id":"https:\/\/obrasdefe.org\/quienes-somos\/#primaryimage"},"thumbnailUrl":"https:\/\/obrasdefe.org\/wp-content\/uploads\/2019\/09\/cropped-logo.png","datePublished":"2017-03-30T07:03:58+00:00","dateModified":"2025-04-28T21:17:24+00:00","breadcrumb":{"@id":"https:\/\/obrasdefe.org\/quienes-somos\/#breadcrumb"},"inLanguage":"en-US","potentialAction":[{"@type":"ReadAction","target":["https:\/\/obrasdefe.org\/quienes-somos\/"]}]},{"@type":"ImageObject","inLanguage":"en-US","@id":"https:\/\/obrasdefe.org\/quienes-somos\/#primaryimage","url":"https:\/\/obrasdefe.org\/wp-content\/uploads\/2019\/09\/cropped-logo.png","contentUrl":"https:\/\/obrasdefe.org\/wp-content\/uploads\/2019\/09\/cropped-logo.png"},{"@type":"BreadcrumbList","@id":"https:\/\/obrasdefe.org\/quienes-somos\/#breadcrumb","itemListElement":[{"@type":"ListItem","position":1,"name":"Portada","item":"https:\/\/obrasdefe.org\/"},{"@type":"ListItem","position":2,"name":"Qui\u00e9nes somos"}]},{"@type":"WebSite","@id":"https:\/\/obrasdefe.org\/#website","url":"https:\/\/obrasdefe.org\/","name":"Works of Faith Foundation - Cartagena de Indias","description":"Foundation Works of Faith of the city of Cartagena de Indias, Colombia","potentialAction":[{"@type":"SearchAction","target":{"@type":"EntryPoint","urlTemplate":"https:\/\/obrasdefe.org\/?s={search_term_string}"},"query-input":{"@type":"PropertyValueSpecification","valueRequired":true,"valueName":"search_term_string"}}],"inLanguage":"en-US"}]}},"_links":{"self":[{"href":"https:\/\/obrasdefe.org\/en\/wp-json\/wp\/v2\/pages\/13821","targetHints":{"allow":["GET"]}}],"collection":[{"href":"https:\/\/obrasdefe.org\/en\/wp-json\/wp\/v2\/pages"}],"about":[{"href":"https:\/\/obrasdefe.org\/en\/wp-json\/wp\/v2\/types\/page"}],"author":[{"embeddable":true,"href":"https:\/\/obrasdefe.org\/en\/wp-json\/wp\/v2\/users\/1"}],"replies":[{"embeddable":true,"href":"https:\/\/obrasdefe.org\/en\/wp-json\/wp\/v2\/comments?post=13821"}],"version-history":[{"count":47,"href":"https:\/\/obrasdefe.org\/en\/wp-json\/wp\/v2\/pages\/13821\/revisions"}],"predecessor-version":[{"id":30545,"href":"https:\/\/obrasdefe.org\/en\/wp-json\/wp\/v2\/pages\/13821\/revisions\/30545"}],"wp:attachment":[{"href":"https:\/\/obrasdefe.org\/en\/wp-json\/wp\/v2\/media?parent=13821"}],"curies":[{"name":"wp","href":"https:\/\/api.w.org\/{rel}","templated":true}]}}