{"id":17254,"date":"2019-10-06T18:17:49","date_gmt":"2019-10-06T18:17:49","guid":{"rendered":"https:\/\/obrasdefe.org\/?page_id=17254"},"modified":"2026-02-03T15:55:34","modified_gmt":"2026-02-03T20:55:34","slug":"donaciones","status":"publish","type":"page","link":"https:\/\/obrasdefe.org\/en\/donaciones\/","title":{"rendered":"Donations"},"content":{"rendered":"[et_pb_section fb_built=\u00bb1&#8243; admin_label=\u00bbsection\u00bb _builder_version=\u00bb4.16&#8243; global_colors_info=\u00bb{}\u00bb][et_pb_row admin_label=\u00bbrow\u00bb _builder_version=\u00bb4.16&#8243; background_size=\u00bbinitial\u00bb background_position=\u00bbtop_left\u00bb background_repeat=\u00bbrepeat\u00bb global_colors_info=\u00bb{}\u00bb][et_pb_column type=\u00bb4_4&#8243; _builder_version=\u00bb4.16&#8243; custom_padding=\u00bb|||\u00bb global_colors_info=\u00bb{}\u00bb custom_padding__hover=\u00bb|||\u00bb][et_pb_text admin_label=\u00bbText\u00bb _builder_version=\u00bb4.16&#8243; background_size=\u00bbinitial\u00bb background_position=\u00bbtop_left\u00bb background_repeat=\u00bbrepeat\u00bb global_colors_info=\u00bb{}\u00bb]<p><\/p>\n<h2 class=\"wp-block-heading\">Join with your donation<\/h2>\n<p><\/p>\n<p><\/p>\n<figure class=\"wp-block-image aligncenter is-resized\"><img loading=\"lazy\" decoding=\"async\" class=\"wp-image-30365\" src=\"https:\/\/obrasdefe.org\/wp-content\/uploads\/2019\/09\/cropped-logo.png\" alt=\"\" width=\"249\" height=\"249\" \/><\/figure>\n<p><\/p>\n<p><\/p>\n<p>With your help, we will improve the education and ongoing spiritual enrichment of underprivileged children, youth, and families in Cartagena.<\/p>\n<p><\/p>\n<p><\/p>\n<p>With your contribution you will be part of this great project which benefits the Cartagena community.<\/p>\n<p><\/p>\n<p><\/p>\n<p><em>IT IS IMPORTANT THAT YOU SEND US A COPY OF THE RECEIPT OF CONSIGNATION TO THE EMAIL: <a href=\"mailto:donaciones@obrasdefe.org\">donaciones@obrasdefe.org<\/a>, with your full name, identity document number, phone number, address and city.<\/em><\/p>\n<p><\/p>\n<p><\/p>\n<div class=\"wpb_text_column wpb_content_element\">\n<div class=\"wpb_wrapper\">\n<h3>\u00a0<\/h3>\n<h3><strong>Consignment or transfer<\/strong><\/h3>\n<hr \/>\n<p>Savings account # 1750-014927-52<br \/>Bank: Bancolombia.<br \/>Name: Fundaci\u00f3n Obras de Fe.<br \/>NIT: 901.325.987- 8<\/p>\n<p>(Do not include the verification digit, if you are going to register your account online).<\/p>\n<p>&nbsp;<\/p>\n<\/div>\n<\/div>\n<p><\/p>\n<p><\/p>\n<h3><strong>US tax deductible donations<br \/><\/strong><\/h3>\n<hr \/>\n<a href='https:\/\/donorbox.org\/embed\/donate-803312\/?hosted_button_id=BLWCTPBVPC44Q' class='big-button bigblue' target=\"_blank\">Ir a DonorBox<\/a>\n<p>&nbsp;<\/p>\n<p>&nbsp;<\/p>\n<h3><strong>Money Order<\/strong><\/h3>\n<hr \/>\n<p>Name: Fundaci\u00f3n Obras de Fe.<br \/>NIT: 901.325.987- 8<\/p>\n<p>Write your name, address, city, country, telephone number and e-mail address on the back. Please deliver it to the address <span class=\"_2iem\">Calle 39 # 27-25, Sector Las Delicias, Barrio La Esperanza<\/span>, Cartagena, Bolivar, Colombia.<\/p>\n<p>Contact us via email <a href=\"mailto:donaciones@obrasdefe.org\">donaciones@obrasdefe.org<\/a>, and we will coordinate its collection in the place you indicate.<\/p>\n<p><\/p>\n<p><\/p>\n<h3>\u00a0<\/h3>\n<h3><strong>Turns from outside<\/strong><\/h3>\n<hr \/>\n<p>Name: Fundaci\u00f3n Obras de Fe.<br \/>Phone: (+57) (5) 6920120.<br \/>Savings account # 1750-014927-52<br \/>Bank: Bancolombia<br \/>City and country: Cartagena de Indias, Colombia<br \/>Paying Bank: Bancolombia<br \/>Swift Bancolombia: COLOCOBM.<\/p>\n<p>Provide data of the beneficiary of the money in Colombia, data of the correspondent Bank where the Bancolombia Group has an account.<\/p>\n<p>&nbsp;<\/p>\n<p>&nbsp;<\/p>\n<p>&nbsp;<\/p>\n<h3><strong>Donations through Paypal<\/strong><\/h3>\n<hr \/>\n<a href='https:\/\/www.paypal.com\/donate\/?hosted_button_id=BLWCTPBVPC44Q' class='big-button bigblue' target=\"_blank\">Go to PayPal<\/a>\n<p>&nbsp;<\/p>\n<p>&nbsp;<\/p>\n<p>&nbsp;<\/p>\n<p><\/p>[\/et_pb_text][\/et_pb_column][\/et_pb_row][\/et_pb_section]","protected":false},"excerpt":{"rendered":"<p>Join us with your donation With your help, we will improve the education and continuous spiritual enrichment of children, youth and families with limited resources in Cartagena. With your contribution you will be part of this great project which benefits the Cartagena community. IT IS IMPORTANT THAT YOU SEND US A COPY OF THE CONSIGNMENT RECEIPT TO THE EMAIL: Donations@obrasdefe.org, [\u2026]<\/p>","protected":false},"author":1,"featured_media":0,"parent":0,"menu_order":0,"comment_status":"closed","ping_status":"closed","template":"","meta":{"_et_pb_use_builder":"on","_et_pb_old_content":"<!-- wp:heading {\"align\":\"center\"} -->\r\n<h2>\u00danete con tu donaci\u00f3n<\/h2>\r\n<!-- \/wp:heading -->\r\n\r\n<!-- wp:image {\"align\":\"center\",\"id\":30365,\"width\":249,\"height\":249} -->\r\n<figure class=\"wp-block-image aligncenter is-resized\"><img class=\"wp-image-30365\" src=\"https:\/\/obrasdefe.org\/wp-content\/uploads\/2019\/09\/cropped-logo.png\" alt=\"\" width=\"249\" height=\"249\" \/><\/figure>\r\n<!-- \/wp:image -->\r\n\r\n<!-- wp:paragraph -->\r\n<p>Con tu ayuda, mejoraremos la educaci\u00f3n y continuo enriquecimiento espiritual de ni\u00f1os, j\u00f3venes y familias de escasos recursos de Cartagena.<\/p>\r\n<!-- \/wp:paragraph -->\r\n\r\n<!-- wp:paragraph -->\r\n<p>Con tu contribuci\u00f3n ser\u00e1s parte de este gran proyecto el cual beneficia a la comunidad cartagenera.<\/p>\r\n<!-- \/wp:paragraph -->\r\n\r\n<!-- wp:paragraph -->\r\n<p><em>ES IMPORTANTE QUE NOS ENV\u00cdES UNA COPIA DEL RECIBO DE CONSIGNACI\u00d3N AL CORREO ELECTR\u00d3NICO: <a href=\"mailto:donaciones@obrasdefe.org\">donaciones@obrasdefe.org<\/a>, con tu nombre completo, n\u00famero de documento de identidad, tel\u00e9fono, direcci\u00f3n y ciudad.<\/em><\/p>\r\n<!-- \/wp:paragraph -->\r\n\r\n<!-- wp:html -->\r\n<div class=\"wpb_text_column wpb_content_element \">\r\n<div class=\"wpb_wrapper\">\r\n<h3>\u00a0<\/h3>\r\n<h3><strong>Consignaci\u00f3n o transferencia<\/strong><\/h3>\r\n<hr \/>\r\n<p>Cuenta ahorros # 1750-014927-52<br \/>Banco: Bancolombia.<br \/>Nombre: Fundaci\u00f3n Obras de Fe.<br \/>NIT: 901.325.987 - 8<\/p>\r\n<p>(No incluir el d\u00edgito de verificaci\u00f3n, si va a realizar la inscripci\u00f3n de la cuenta por internet).<\/p>\r\n<p>&nbsp;<\/p>\r\n<\/div>\r\n<\/div>\r\n<!-- \/wp:html -->\r\n\r\n<!-- wp:html -->\r\n<h3>\u00a0<\/h3>\r\n<h3><strong>Giro mediante Cheque<\/strong><\/h3>\r\n<hr \/>\r\n<p>Nombre: Fundaci\u00f3n Obras de Fe.<br \/>NIT: 901.325.987 - 8.<\/p>\r\n<p>Escriba en la parte posterior su nombre, direcci\u00f3n, ciudad, pa\u00eds, n\u00famero telef\u00f3nico y direcci\u00f3n de E-mail. Por favor entregarlo en la direcci\u00f3n <span class=\"_2iem\">Calle 39 # 27-25, Sector Las Delicias, Barrio La Esperanza<\/span>, Cartagena, Bol\u00edvar, Colombia.<\/p>\r\n<p>Cont\u00e1ctenos a trav\u00e9s del correo electr\u00f3nico <a href=\"mailto:donaciones@obrasdefe.org\">donaciones@obrasdefe.org<\/a>, y coordinaremos la recolecci\u00f3n del mismo en el lugar que nos indique.<\/p>\r\n<!-- \/wp:html -->\r\n\r\n<!-- wp:html -->\r\n<h3>\u00a0<\/h3>\r\n<h3><strong>Giros desde el exterior<\/strong><\/h3>\r\n<hr \/>\r\n<p>Nombre: Fundaci\u00f3n Obras de Fe.<br \/>Tel\u00e9fono: (+57) (5) 6920120.<br \/>Cuenta ahorros # 1750-014927-52<br \/>Banco: Bancolombia<br \/>Ciudad y pa\u00eds: Cartagena de Indias, Colombia<br \/>Banco pagador: Bancolombia<br \/>Swift Bancolombia: COLOCOBM.<\/p>\r\n<p>Suministrar datos del beneficiario del dinero en Colombia, datos del Banco corresponsal donde el Grupo Bancolombia posee cuenta.<\/p>\r\n<!-- \/wp:html -->\r\n\r\n<!-- wp:html -->\r\n<h3><strong>Donaciones deducibles de impuestos E.E.U.U<br \/><\/strong><\/h3>\r\n<hr \/>\r\n<p>N\u00famero de cuenta: ODF348<\/p>\r\n<p><a href=\"https:\/\/meigiving.org\/donate\/obrasdefe\" target=\"_blank\" rel=\"noopener\">&lt;&lt; IR A PLATAFORMA Mission Enablers International &gt;&gt;<\/a><\/p>\r\n<p>&nbsp;<\/p>\r\n<h3><strong>Donaciones a trav\u00e9s de Paypal<\/strong><\/h3>\r\n<hr \/>\r\n<p>[button link=\"https:\/\/www.paypal.com\/donate\/?hosted_button_id=BLWCTPBVPC44Q\" type=\"big\" newwindow=\"yes\"] Ir a Paypal[\/button]<\/p>\r\n<p>&nbsp;<\/p>\r\n<p>&nbsp;<\/p>\r\n<p>&nbsp;<\/p>\r\n<!-- \/wp:html -->","_et_gb_content_width":"1080","footnotes":""},"class_list":["post-17254","page","type-page","status-publish","hentry"],"yoast_head":"<!-- This site is optimized with the Yoast SEO plugin v26.0 - https:\/\/yoast.com\/wordpress\/plugins\/seo\/ -->\n<title>Donaciones - Fundaci\u00f3n Obras de Fe - Cartagena de Indias<\/title>\n<meta name=\"robots\" content=\"index, follow, max-snippet:-1, max-image-preview:large, max-video-preview:-1\" \/>\n<link rel=\"canonical\" href=\"https:\/\/obrasdefe.org\/en\/donaciones\/\" \/>\n<meta property=\"og:locale\" content=\"en_US\" \/>\n<meta property=\"og:type\" content=\"article\" \/>\n<meta property=\"og:title\" content=\"Donaciones - Fundaci\u00f3n Obras de Fe - Cartagena de Indias\" \/>\n<meta property=\"og:description\" content=\"\u00danete con tu donaci\u00f3n Con tu ayuda, mejoraremos la educaci\u00f3n y continuo enriquecimiento espiritual de ni\u00f1os, j\u00f3venes y familias de escasos recursos de Cartagena. Con tu contribuci\u00f3n ser\u00e1s parte de este gran proyecto el cual beneficia a la comunidad cartagenera. ES IMPORTANTE QUE NOS ENV\u00cdES UNA COPIA DEL RECIBO DE CONSIGNACI\u00d3N AL CORREO ELECTR\u00d3NICO: donaciones@obrasdefe.org, [&hellip;]\" \/>\n<meta property=\"og:url\" content=\"https:\/\/obrasdefe.org\/en\/donaciones\/\" \/>\n<meta property=\"og:site_name\" content=\"Fundaci\u00f3n Obras de Fe - Cartagena de Indias\" \/>\n<meta property=\"article:modified_time\" content=\"2026-02-03T20:55:34+00:00\" \/>\n<meta property=\"og:image\" content=\"https:\/\/obrasdefe.org\/wp-content\/uploads\/2019\/09\/cropped-logo.png\" \/>\n\t<meta property=\"og:image:width\" content=\"512\" \/>\n\t<meta property=\"og:image:height\" content=\"512\" \/>\n\t<meta property=\"og:image:type\" content=\"image\/png\" \/>\n<meta name=\"twitter:card\" content=\"summary_large_image\" \/>\n<meta name=\"twitter:label1\" content=\"Est. reading time\" \/>\n\t<meta name=\"twitter:data1\" content=\"2 minutes\" \/>\n<script type=\"application\/ld+json\" class=\"yoast-schema-graph\">{\"@context\":\"https:\/\/schema.org\",\"@graph\":[{\"@type\":\"WebPage\",\"@id\":\"https:\/\/obrasdefe.org\/donaciones\/\",\"url\":\"https:\/\/obrasdefe.org\/donaciones\/\",\"name\":\"Donaciones - Fundaci\u00f3n Obras de Fe - Cartagena de Indias\",\"isPartOf\":{\"@id\":\"https:\/\/obrasdefe.org\/#website\"},\"primaryImageOfPage\":{\"@id\":\"https:\/\/obrasdefe.org\/donaciones\/#primaryimage\"},\"image\":{\"@id\":\"https:\/\/obrasdefe.org\/donaciones\/#primaryimage\"},\"thumbnailUrl\":\"https:\/\/obrasdefe.org\/wp-content\/uploads\/2019\/09\/cropped-logo.png\",\"datePublished\":\"2019-10-06T18:17:49+00:00\",\"dateModified\":\"2026-02-03T20:55:34+00:00\",\"breadcrumb\":{\"@id\":\"https:\/\/obrasdefe.org\/donaciones\/#breadcrumb\"},\"inLanguage\":\"en-US\",\"potentialAction\":[{\"@type\":\"ReadAction\",\"target\":[\"https:\/\/obrasdefe.org\/donaciones\/\"]}]},{\"@type\":\"ImageObject\",\"inLanguage\":\"en-US\",\"@id\":\"https:\/\/obrasdefe.org\/donaciones\/#primaryimage\",\"url\":\"https:\/\/obrasdefe.org\/wp-content\/uploads\/2019\/09\/cropped-logo.png\",\"contentUrl\":\"https:\/\/obrasdefe.org\/wp-content\/uploads\/2019\/09\/cropped-logo.png\"},{\"@type\":\"BreadcrumbList\",\"@id\":\"https:\/\/obrasdefe.org\/donaciones\/#breadcrumb\",\"itemListElement\":[{\"@type\":\"ListItem\",\"position\":1,\"name\":\"Portada\",\"item\":\"https:\/\/obrasdefe.org\/\"},{\"@type\":\"ListItem\",\"position\":2,\"name\":\"Donaciones\"}]},{\"@type\":\"WebSite\",\"@id\":\"https:\/\/obrasdefe.org\/#website\",\"url\":\"https:\/\/obrasdefe.org\/\",\"name\":\"Fundaci\u00f3n Obras de Fe - Cartagena de Indias\",\"description\":\"Fundaci\u00f3n Obras de Fe de la ciudad de Cartagena de Indias, Colombia\",\"potentialAction\":[{\"@type\":\"SearchAction\",\"target\":{\"@type\":\"EntryPoint\",\"urlTemplate\":\"https:\/\/obrasdefe.org\/?s={search_term_string}\"},\"query-input\":{\"@type\":\"PropertyValueSpecification\",\"valueRequired\":true,\"valueName\":\"search_term_string\"}}],\"inLanguage\":\"en-US\"}]}<\/script>\n<!-- \/ Yoast SEO plugin. -->","yoast_head_json":{"title":"Donaciones - Fundaci\u00f3n Obras de Fe - Cartagena de Indias","robots":{"index":"index","follow":"follow","max-snippet":"max-snippet:-1","max-image-preview":"max-image-preview:large","max-video-preview":"max-video-preview:-1"},"canonical":"https:\/\/obrasdefe.org\/en\/donaciones\/","og_locale":"en_US","og_type":"article","og_title":"Donaciones - Fundaci\u00f3n Obras de Fe - Cartagena de Indias","og_description":"\u00danete con tu donaci\u00f3n Con tu ayuda, mejoraremos la educaci\u00f3n y continuo enriquecimiento espiritual de ni\u00f1os, j\u00f3venes y familias de escasos recursos de Cartagena. Con tu contribuci\u00f3n ser\u00e1s parte de este gran proyecto el cual beneficia a la comunidad cartagenera. ES IMPORTANTE QUE NOS ENV\u00cdES UNA COPIA DEL RECIBO DE CONSIGNACI\u00d3N AL CORREO ELECTR\u00d3NICO: donaciones@obrasdefe.org, [&hellip;]","og_url":"https:\/\/obrasdefe.org\/en\/donaciones\/","og_site_name":"Fundaci\u00f3n Obras de Fe - Cartagena de Indias","article_modified_time":"2026-02-03T20:55:34+00:00","og_image":[{"width":512,"height":512,"url":"https:\/\/obrasdefe.org\/wp-content\/uploads\/2019\/09\/cropped-logo.png","type":"image\/png"}],"twitter_card":"summary_large_image","twitter_misc":{"Est. reading time":"2 minutes"},"schema":{"@context":"https:\/\/schema.org","@graph":[{"@type":"WebPage","@id":"https:\/\/obrasdefe.org\/donaciones\/","url":"https:\/\/obrasdefe.org\/donaciones\/","name":"Donaciones - Fundaci\u00f3n Obras de Fe - Cartagena de Indias","isPartOf":{"@id":"https:\/\/obrasdefe.org\/#website"},"primaryImageOfPage":{"@id":"https:\/\/obrasdefe.org\/donaciones\/#primaryimage"},"image":{"@id":"https:\/\/obrasdefe.org\/donaciones\/#primaryimage"},"thumbnailUrl":"https:\/\/obrasdefe.org\/wp-content\/uploads\/2019\/09\/cropped-logo.png","datePublished":"2019-10-06T18:17:49+00:00","dateModified":"2026-02-03T20:55:34+00:00","breadcrumb":{"@id":"https:\/\/obrasdefe.org\/donaciones\/#breadcrumb"},"inLanguage":"en-US","potentialAction":[{"@type":"ReadAction","target":["https:\/\/obrasdefe.org\/donaciones\/"]}]},{"@type":"ImageObject","inLanguage":"en-US","@id":"https:\/\/obrasdefe.org\/donaciones\/#primaryimage","url":"https:\/\/obrasdefe.org\/wp-content\/uploads\/2019\/09\/cropped-logo.png","contentUrl":"https:\/\/obrasdefe.org\/wp-content\/uploads\/2019\/09\/cropped-logo.png"},{"@type":"BreadcrumbList","@id":"https:\/\/obrasdefe.org\/donaciones\/#breadcrumb","itemListElement":[{"@type":"ListItem","position":1,"name":"Portada","item":"https:\/\/obrasdefe.org\/"},{"@type":"ListItem","position":2,"name":"Donaciones"}]},{"@type":"WebSite","@id":"https:\/\/obrasdefe.org\/#website","url":"https:\/\/obrasdefe.org\/","name":"Works of Faith Foundation - Cartagena de Indias","description":"Foundation Works of Faith of the city of Cartagena de Indias, Colombia","potentialAction":[{"@type":"SearchAction","target":{"@type":"EntryPoint","urlTemplate":"https:\/\/obrasdefe.org\/?s={search_term_string}"},"query-input":{"@type":"PropertyValueSpecification","valueRequired":true,"valueName":"search_term_string"}}],"inLanguage":"en-US"}]}},"_links":{"self":[{"href":"https:\/\/obrasdefe.org\/en\/wp-json\/wp\/v2\/pages\/17254","targetHints":{"allow":["GET"]}}],"collection":[{"href":"https:\/\/obrasdefe.org\/en\/wp-json\/wp\/v2\/pages"}],"about":[{"href":"https:\/\/obrasdefe.org\/en\/wp-json\/wp\/v2\/types\/page"}],"author":[{"embeddable":true,"href":"https:\/\/obrasdefe.org\/en\/wp-json\/wp\/v2\/users\/1"}],"replies":[{"embeddable":true,"href":"https:\/\/obrasdefe.org\/en\/wp-json\/wp\/v2\/comments?post=17254"}],"version-history":[{"count":34,"href":"https:\/\/obrasdefe.org\/en\/wp-json\/wp\/v2\/pages\/17254\/revisions"}],"predecessor-version":[{"id":30842,"href":"https:\/\/obrasdefe.org\/en\/wp-json\/wp\/v2\/pages\/17254\/revisions\/30842"}],"wp:attachment":[{"href":"https:\/\/obrasdefe.org\/en\/wp-json\/wp\/v2\/media?parent=17254"}],"curies":[{"name":"wp","href":"https:\/\/api.w.org\/{rel}","templated":true}]}}